{"id":930,"date":"2025-09-15T11:59:28","date_gmt":"2025-09-15T11:59:28","guid":{"rendered":"https:\/\/iwis.io\/angebot\/"},"modified":"2026-02-17T17:36:48","modified_gmt":"2026-02-17T17:36:48","slug":"proposal","status":"publish","type":"page","link":"https:\/\/iwis.io\/de\/proposal\/","title":{"rendered":"Angebot"},"content":{"rendered":"","protected":false},"excerpt":{"rendered":"","protected":false},"author":1,"featured_media":0,"parent":0,"menu_order":0,"comment_status":"closed","ping_status":"closed","template":"page-proposition.php","meta":{"_acf_changed":false,"footnotes":""},"class_list":["post-930","page","type-page","status-publish","hentry"],"acf":{"proposition_hero_label":"Unsere Vorteile","proposition_hero_title":"Ein frischer und professioneller Blick auf veraltete Probleme","proposition_advantages_label":"Unsere Vorteile","proposition_advantages_title":"Ein frischer und professioneller Blick auf veraltete Probleme","proposition_advantages_button_text":"Zusammenarbeit beginnen","proposition_advantages_button_url":"#contact","proposition_advantages_mobile_filter_text":"Liste der Vorteile des Unternehmens","proposition_advantages_tabs":[{"tab_title":"MVP-Start in 3 Wochen","content_title":"MVP-Start in 3 Wochen","content_text":"Wir halten uns nicht mit Phasen auf und gehen schnell zur Umsetzung \u00fcber.\r\nDie meisten unserer Kunden sehen die erste Version des Produkts bereits 21 Tage nach dem Start.\r\nZuerst zeigen wir Ergebnisse \u2013 und erst danach setzen wir die Arbeit fort.","challenges_title":"Herausforderungen:","challenges_list":null,"success_title":"Was besonders gut funktioniert hat:","success_list":null,"tab_image":2450},{"tab_title":"Wir arbeiten mit Marktf\u00fchrern zusammen, denen Millionen vertrauen","content_title":"Wir arbeiten mit Marktf\u00fchrern zusammen, denen Millionen vertrauen","content_text":"GoodWine, Planeta Kino, British American Tobacco, Helen Marlen Group: Wir entwickeln und implementieren kritische Systeme f\u00fcr diejenigen, die Pr\u00e4zision, Sicherheit und Geschwindigkeit fordern.\r\nAuch Sie werden sich bei uns sicher f\u00fchlen.","challenges_title":"Challenges:","challenges_list":null,"success_title":"What Worked Really Well:","success_list":null,"tab_image":2212},{"tab_title":"Business-Effekt bereits ab der ersten Phase","content_title":"Business-Effekt bereits ab der ersten Phase","content_text":"Wir automatisieren, reduzieren die Belastung, erh\u00f6hen die Kontrolle und Transparenz der Daten.\r\nSie werden Ver\u00e4nderungen noch vor Abschluss der Entwicklung sp\u00fcren.","challenges_title":"Challenges:","challenges_list":null,"success_title":"What Worked Really Well:","success_list":null,"tab_image":2451},{"tab_title":"Wir agieren souver\u00e4n, wo andere den \u00dcberblick verlieren","content_title":"Wir agieren souver\u00e4n, wo andere den \u00dcberblick verlieren","content_text":"Knappe Fristen? Gro\u00dfes Team? Sich \u00e4ndernde Anforderungen?  ","challenges_title":"Das haben wir bereits gemeistert:","challenges_list":[{"challenge_text":"3 Monate bis zum Start eines Filmfestivals? Wir haben es geschafft. "},{"challenge_text":"Eine umfassende KPI-L\u00f6sung f\u00fcr Tausende von Mitarbeitern? Haben wir aufgebaut. "},{"challenge_text":"E-Commerce mit hoher Auslastung, ohne Raum f\u00fcr Fehler? Haben wir gestartet. "},{"challenge_text":"Ein Projekt, das vom vorherigen Auftragnehmer in einem Krisenzustand hinterlassen wurde? Haben wir stabilisiert und zum Erfolg gef\u00fchrt. "}],"success_title":"What Worked Really Well:","success_list":null,"tab_image":2452},{"tab_title":"Wir entwickeln f\u00fcr Sie, nicht nach Schablone","content_title":"Wir entwickeln f\u00fcr Sie, nicht nach Schablone","content_text":"M\u00f6chten Sie klein anfangen \u2013 wir erstellen eine Basisl\u00f6sung, die bereits Wirkung zeigt.\r\nBen\u00f6tigen Sie Skalierung \u2013 wir bieten den kompletten Stack, ein Team und einen Entwicklungsplan.\r\nOhne unn\u00f6tige Funktionen. Nur das, was f\u00fcr Sie funktioniert. ","challenges_title":"Challenges:","challenges_list":null,"success_title":"What Worked Really Well:","success_list":null,"tab_image":2453}],"proposition_workshop_image":2045,"proposition_workshop_title":"Kostenlosen Workshop bestellen","proposition_workshop_description":"In 60 Minuten analysieren wir Ihre Gesch\u00e4ftsprozesse, identifizieren Engp\u00e4sse und zeigen Ihnen, was verbessert werden kann. Sie werden verstehen, wo Sie derzeit stehen und wie Sie weiter vorankommen k\u00f6nnen.","proposition_workshop_subtitle":"Was Sie in diesem kostenlosen Workshop erhalten:","proposition_workshop_list_items":[{"list_item_text":"Analyse der aktuellen Prozesse"},{"list_item_text":"Festlegung von Wachstumsbereichen"},{"list_item_text":"Empfehlungen: Was sollte entfernt, was verst\u00e4rkt und was eingef\u00fchrt werden?"},{"list_item_text":"Verst\u00e4ndnis, wo derzeit Geld verloren geht und wie dies ge\u00e4ndert werden kann"}],"proposition_workshop_button_text":"Workshop bestellen","proposal_faq_label":"FAQ","proposal_faq_title":"Haben Sie Fragen? Wir haben die Antworten.","proposal_faq_questions":[{"question_title":"Wie schnell k\u00f6nnen Sie mit der Arbeit beginnen?","question_answer":"Wir beginnen innerhalb von 5 Tagen nach Vertragsunterzeichnung.","active_question":true},{"question_title":"Kann ich eine Vorabberatung zu meinem Projekt erhalten?","question_answer":"Ja, und das kostenlos. Wir tauchen noch vor Beginn der Zusammenarbeit in Ihre Prozesse ein: Wir zeigen Ihnen, wo Ihr Unternehmen wahrscheinlich Geld und Zeit verliert, und erstellen mehrere L\u00f6sungsszenarien. <br>\r\nSie profitieren sofort davon: Sie sehen noch vor Vertragsunterzeichnung, wie Sie Kosten optimieren und Arbeitsabl\u00e4ufe beschleunigen k\u00f6nnen.","active_question":false},{"question_title":"Wie viel wird das kosten und wie kontrollieren Sie das Budget?","question_answer":"In der Discovery-Phase bewerten wir das Projekt und erstellen mehrere Budget-Szenarien (Minimum\/Basis\/Umfang). <br>\r\nAnschlie\u00dfend wird jeder Sprint transparent dokumentiert, sodass Sie genau wissen, wohin Ihr Geld flie\u00dft. Keine \u00dcberraschungen am Ende.","active_question":false},{"question_title":"\u00dcbernehmen Sie Projekte von anderen Auftragnehmern? Kann man bei Ihnen Unterst\u00fctzung f\u00fcr bereits bestehende L\u00f6sungen erhalten?","question_answer":"Ja. Wir beginnen mit einem technischen Audit, stabilisieren das System und schlie\u00dfen kritische Risiken aus. <br>\r\nWir haben schon mehrfach Projekte gerettet und zu einem erfolgreichen Abschluss gebracht.","active_question":false},{"question_title":"Unterzeichnen Sie vor Beginn der Gespr\u00e4che eine Vertraulichkeitsvereinbarung?","question_answer":"Selbstverst\u00e4ndlich. Die Vertraulichkeitsvereinbarung wird vor Beginn der Gespr\u00e4che unterzeichnet. <br>\r\nWir arbeiten unter anderem mit internationalen Unternehmen zusammen, daher sind Vertraulichkeit und Datensicherheit f\u00fcr uns Standard und keine Option.","active_question":false},{"question_title":"Wer besitzt den Code und die Rechte an dem Produkt?","question_answer":"Sie. Repositorien, Dokumentation und alle geistigen Eigentumsrechte verbleiben beim Kunden. Wir arbeiten transparent und gew\u00e4hren vollst\u00e4ndigen Zugriff, ohne versteckte Bindung an den Auftragnehmer.","active_question":false},{"question_title":"Wie gehen Sie mit \u00c4nderungen der Anforderungen w\u00e4hrend eines Projekts um?","question_answer":"Wir arbeiten in kurzen Sprints und zeigen regelm\u00e4\u00dfig Fortschritte. <br>\r\nAlle \u00c4nderungen werden als Change-Request mit einer Prognose der Auswirkungen auf das Budget und die Fristen dokumentiert. Sie sehen immer den aktuellen Stand und kontrollieren die Priorit\u00e4ten.","active_question":false},{"question_title":"Bieten Sie Support nach dem Start an?","question_answer":"Selbstverst\u00e4ndlich. Wir lassen unsere Kunden mit dem Produkt nicht allein: <br>\r\n\u2013 SLA-Support, <br>\r\n\u2013 \u00dcberwachung, <br>\r\n\u2013 Aktualisierung und Weiterentwicklung der Funktionalit\u00e4t. <br>\r\nIhr Produkt lebt nicht nur nach der Ver\u00f6ffentlichung weiter, sondern w\u00e4chst mit Ihrem Unternehmen mit. <br>\r\nUnd wir sind immer f\u00fcr Sie da.","active_question":false}]},"yoast_head":"<!-- This site is optimized with the Yoast SEO plugin v27.3 - https:\/\/yoast.com\/product\/yoast-seo-wordpress\/ -->\n<title>Angebot erhalten - Softwareentwicklung | IWIS<\/title>\n<meta name=\"description\" content=\"Kostenlose Projektsch\u00e4tzung. Kosten und Zeitplan f\u00fcr Softwareentwicklung berechnen. Individueller Ansatz\" \/>\n<meta name=\"robots\" content=\"index, follow, max-snippet:-1, max-image-preview:large, max-video-preview:-1\" \/>\n<link rel=\"canonical\" href=\"https:\/\/iwis.io\/de\/proposal\/\" \/>\n<meta property=\"og:locale\" content=\"de_DE\" \/>\n<meta property=\"og:type\" content=\"article\" \/>\n<meta property=\"og:title\" content=\"Angebot erhalten - Softwareentwicklung | IWIS\" \/>\n<meta property=\"og:description\" content=\"Kostenlose Projektsch\u00e4tzung. Kosten und Zeitplan f\u00fcr Softwareentwicklung berechnen. Individueller Ansatz\" \/>\n<meta property=\"og:url\" content=\"https:\/\/iwis.io\/de\/proposal\/\" \/>\n<meta property=\"og:site_name\" content=\"iwis\" \/>\n<meta property=\"article:publisher\" content=\"https:\/\/www.facebook.com\/IWIS.UKRAINE\/\" \/>\n<meta property=\"article:modified_time\" content=\"2026-02-17T17:36:48+00:00\" \/>\n<meta property=\"og:image\" content=\"https:\/\/iwis.io\/wp-content\/uploads\/2026\/01\/cropped-main-favicon.png\" \/>\n\t<meta property=\"og:image:width\" content=\"512\" \/>\n\t<meta property=\"og:image:height\" content=\"512\" \/>\n\t<meta property=\"og:image:type\" content=\"image\/png\" \/>\n<meta name=\"twitter:card\" content=\"summary_large_image\" \/>\n<script type=\"application\/ld+json\" class=\"yoast-schema-graph\">{\"@context\":\"https:\\\/\\\/schema.org\",\"@graph\":[{\"@type\":\"WebPage\",\"@id\":\"https:\\\/\\\/iwis.io\\\/de\\\/proposal\\\/\",\"url\":\"https:\\\/\\\/iwis.io\\\/de\\\/proposal\\\/\",\"name\":\"Angebot erhalten - Softwareentwicklung | IWIS\",\"isPartOf\":{\"@id\":\"https:\\\/\\\/iwis.io\\\/de\\\/#website\"},\"datePublished\":\"2025-09-15T11:59:28+00:00\",\"dateModified\":\"2026-02-17T17:36:48+00:00\",\"description\":\"Kostenlose Projektsch\u00e4tzung. Kosten und Zeitplan f\u00fcr Softwareentwicklung berechnen. Individueller Ansatz\",\"breadcrumb\":{\"@id\":\"https:\\\/\\\/iwis.io\\\/de\\\/proposal\\\/#breadcrumb\"},\"inLanguage\":\"de\",\"potentialAction\":[{\"@type\":\"ReadAction\",\"target\":[\"https:\\\/\\\/iwis.io\\\/de\\\/proposal\\\/\"]}]},{\"@type\":\"BreadcrumbList\",\"@id\":\"https:\\\/\\\/iwis.io\\\/de\\\/proposal\\\/#breadcrumb\",\"itemListElement\":[{\"@type\":\"ListItem\",\"position\":1,\"name\":\"Home\",\"item\":\"https:\\\/\\\/iwis.io\\\/de\\\/\"},{\"@type\":\"ListItem\",\"position\":2,\"name\":\"Angebot\"}]},{\"@type\":\"WebSite\",\"@id\":\"https:\\\/\\\/iwis.io\\\/de\\\/#website\",\"url\":\"https:\\\/\\\/iwis.io\\\/de\\\/\",\"name\":\"IWIS\",\"description\":\"\",\"publisher\":{\"@id\":\"https:\\\/\\\/iwis.io\\\/de\\\/#organization\"},\"potentialAction\":[{\"@type\":\"SearchAction\",\"target\":{\"@type\":\"EntryPoint\",\"urlTemplate\":\"https:\\\/\\\/iwis.io\\\/de\\\/?s={search_term_string}\"},\"query-input\":{\"@type\":\"PropertyValueSpecification\",\"valueRequired\":true,\"valueName\":\"search_term_string\"}}],\"inLanguage\":\"de\"},{\"@type\":\"Organization\",\"@id\":\"https:\\\/\\\/iwis.io\\\/de\\\/#organization\",\"name\":\"IWIS\",\"url\":\"https:\\\/\\\/iwis.io\\\/de\\\/\",\"logo\":{\"@type\":\"ImageObject\",\"inLanguage\":\"de\",\"@id\":\"https:\\\/\\\/iwis.io\\\/de\\\/#\\\/schema\\\/logo\\\/image\\\/\",\"url\":\"https:\\\/\\\/iwis.io\\\/wp-content\\\/uploads\\\/2026\\\/01\\\/cropped-main-favicon.png\",\"contentUrl\":\"https:\\\/\\\/iwis.io\\\/wp-content\\\/uploads\\\/2026\\\/01\\\/cropped-main-favicon.png\",\"width\":512,\"height\":512,\"caption\":\"IWIS\"},\"image\":{\"@id\":\"https:\\\/\\\/iwis.io\\\/de\\\/#\\\/schema\\\/logo\\\/image\\\/\"},\"sameAs\":[\"https:\\\/\\\/www.facebook.com\\\/IWIS.UKRAINE\\\/\",\"https:\\\/\\\/www.linkedin.com\\\/company\\\/iwis-ukraine\\\/\"]}]}<\/script>\n<!-- \/ Yoast SEO plugin. -->","yoast_head_json":{"title":"Angebot erhalten - Softwareentwicklung | IWIS","description":"Kostenlose Projektsch\u00e4tzung. Kosten und Zeitplan f\u00fcr Softwareentwicklung berechnen. Individueller Ansatz","robots":{"index":"index","follow":"follow","max-snippet":"max-snippet:-1","max-image-preview":"max-image-preview:large","max-video-preview":"max-video-preview:-1"},"canonical":"https:\/\/iwis.io\/de\/proposal\/","og_locale":"de_DE","og_type":"article","og_title":"Angebot erhalten - Softwareentwicklung | IWIS","og_description":"Kostenlose Projektsch\u00e4tzung. Kosten und Zeitplan f\u00fcr Softwareentwicklung berechnen. Individueller Ansatz","og_url":"https:\/\/iwis.io\/de\/proposal\/","og_site_name":"iwis","article_publisher":"https:\/\/www.facebook.com\/IWIS.UKRAINE\/","article_modified_time":"2026-02-17T17:36:48+00:00","og_image":[{"width":512,"height":512,"url":"https:\/\/iwis.io\/wp-content\/uploads\/2026\/01\/cropped-main-favicon.png","type":"image\/png"}],"twitter_card":"summary_large_image","schema":{"@context":"https:\/\/schema.org","@graph":[{"@type":"WebPage","@id":"https:\/\/iwis.io\/de\/proposal\/","url":"https:\/\/iwis.io\/de\/proposal\/","name":"Angebot erhalten - Softwareentwicklung | IWIS","isPartOf":{"@id":"https:\/\/iwis.io\/de\/#website"},"datePublished":"2025-09-15T11:59:28+00:00","dateModified":"2026-02-17T17:36:48+00:00","description":"Kostenlose Projektsch\u00e4tzung. Kosten und Zeitplan f\u00fcr Softwareentwicklung berechnen. Individueller Ansatz","breadcrumb":{"@id":"https:\/\/iwis.io\/de\/proposal\/#breadcrumb"},"inLanguage":"de","potentialAction":[{"@type":"ReadAction","target":["https:\/\/iwis.io\/de\/proposal\/"]}]},{"@type":"BreadcrumbList","@id":"https:\/\/iwis.io\/de\/proposal\/#breadcrumb","itemListElement":[{"@type":"ListItem","position":1,"name":"Home","item":"https:\/\/iwis.io\/de\/"},{"@type":"ListItem","position":2,"name":"Angebot"}]},{"@type":"WebSite","@id":"https:\/\/iwis.io\/de\/#website","url":"https:\/\/iwis.io\/de\/","name":"IWIS","description":"","publisher":{"@id":"https:\/\/iwis.io\/de\/#organization"},"potentialAction":[{"@type":"SearchAction","target":{"@type":"EntryPoint","urlTemplate":"https:\/\/iwis.io\/de\/?s={search_term_string}"},"query-input":{"@type":"PropertyValueSpecification","valueRequired":true,"valueName":"search_term_string"}}],"inLanguage":"de"},{"@type":"Organization","@id":"https:\/\/iwis.io\/de\/#organization","name":"IWIS","url":"https:\/\/iwis.io\/de\/","logo":{"@type":"ImageObject","inLanguage":"de","@id":"https:\/\/iwis.io\/de\/#\/schema\/logo\/image\/","url":"https:\/\/iwis.io\/wp-content\/uploads\/2026\/01\/cropped-main-favicon.png","contentUrl":"https:\/\/iwis.io\/wp-content\/uploads\/2026\/01\/cropped-main-favicon.png","width":512,"height":512,"caption":"IWIS"},"image":{"@id":"https:\/\/iwis.io\/de\/#\/schema\/logo\/image\/"},"sameAs":["https:\/\/www.facebook.com\/IWIS.UKRAINE\/","https:\/\/www.linkedin.com\/company\/iwis-ukraine\/"]}]}},"_links":{"self":[{"href":"https:\/\/iwis.io\/de\/wp-json\/wp\/v2\/pages\/930","targetHints":{"allow":["GET"]}}],"collection":[{"href":"https:\/\/iwis.io\/de\/wp-json\/wp\/v2\/pages"}],"about":[{"href":"https:\/\/iwis.io\/de\/wp-json\/wp\/v2\/types\/page"}],"author":[{"embeddable":true,"href":"https:\/\/iwis.io\/de\/wp-json\/wp\/v2\/users\/1"}],"replies":[{"embeddable":true,"href":"https:\/\/iwis.io\/de\/wp-json\/wp\/v2\/comments?post=930"}],"version-history":[{"count":15,"href":"https:\/\/iwis.io\/de\/wp-json\/wp\/v2\/pages\/930\/revisions"}],"predecessor-version":[{"id":2454,"href":"https:\/\/iwis.io\/de\/wp-json\/wp\/v2\/pages\/930\/revisions\/2454"}],"wp:attachment":[{"href":"https:\/\/iwis.io\/de\/wp-json\/wp\/v2\/media?parent=930"}],"curies":[{"name":"wp","href":"https:\/\/api.w.org\/{rel}","templated":true}]}}